{"id":118,"date":"2021-02-15T18:34:57","date_gmt":"2021-02-15T18:34:57","guid":{"rendered":"https:\/\/stakmedia.is\/?page_id=118"},"modified":"2021-05-26T09:51:02","modified_gmt":"2021-05-26T09:51:02","slug":"projects-vistula","status":"publish","type":"page","link":"https:\/\/stakmedia.is\/is\/projects-vistula\/","title":{"rendered":"Vistula"},"content":{"rendered":"<div data-elementor-type=\"wp-page\" data-elementor-id=\"118\" class=\"elementor elementor-118\">\n\t\t\t\t\t\t<section class=\"elementor-section elementor-top-section elementor-element elementor-element-45365b9 elementor-hidden-phone elementor-section-boxed elementor-section-height-default elementor-section-height-default\" data-id=\"45365b9\" data-element_type=\"section\">\n\t\t\t\t\t\t<div class=\"elementor-container elementor-column-gap-default\">\n\t\t\t\t\t<div class=\"elementor-column elementor-col-100 elementor-top-column elementor-element elementor-element-27777f7\" data-id=\"27777f7\" data-element_type=\"column\">\n\t\t\t<div class=\"elementor-widget-wrap elementor-element-populated\">\n\t\t\t\t\t\t<div class=\"elementor-element elementor-element-4de694d elementor-widget elementor-widget-text-editor\" data-id=\"4de694d\" data-element_type=\"widget\" data-widget_type=\"text-editor.default\">\n\t\t\t\t<div class=\"elementor-widget-container\">\n\t\t\t\t\t\t\t<p>Ungur kvikmyndager\u00f0ama\u00f0ur fylgir lei\u00f0 f\u00f6\u00f0ur s\u00edns \u00e1 kajak ni\u00f0ur Vistula \u00e1na \u00ed P\u00f3llandi \u00fear sem hann veltir fyrir s\u00e9r tilgangi l\u00edfsins og sambandi s\u00ednu vi\u00f0 son sinn.<\/p>\t\t\t\t\t\t<\/div>\n\t\t\t\t<\/div>\n\t\t\t\t\t<\/div>\n\t\t<\/div>\n\t\t\t\t\t<\/div>\n\t\t<\/section>\n\t\t\t\t<section class=\"elementor-section elementor-top-section elementor-element elementor-element-dac245e elementor-hidden-desktop elementor-hidden-tablet elementor-section-boxed elementor-section-height-default elementor-section-height-default\" data-id=\"dac245e\" data-element_type=\"section\">\n\t\t\t\t\t\t<div class=\"elementor-container elementor-column-gap-default\">\n\t\t\t\t\t<div class=\"elementor-column elementor-col-100 elementor-top-column elementor-element elementor-element-d65a7f9\" data-id=\"d65a7f9\" data-element_type=\"column\">\n\t\t\t<div class=\"elementor-widget-wrap elementor-element-populated\">\n\t\t\t\t\t\t<div class=\"elementor-element elementor-element-63c3cad elementor-widget elementor-widget-text-editor\" data-id=\"63c3cad\" data-element_type=\"widget\" data-widget_type=\"text-editor.default\">\n\t\t\t\t<div class=\"elementor-widget-container\">\n\t\t\t\t\t\t\t<p>Ungur kvikmyndager\u00f0ama\u00f0ur fylgir lei\u00f0 f\u00f6\u00f0ur s\u00edns \u00e1 kajak ni\u00f0ur Vistula \u00e1na \u00ed P\u00f3llandi \u00fear sem hann veltir fyrir s\u00e9r tilgangi l\u00edfsins og sambandi s\u00ednu vi\u00f0 son sinn.<\/p>\t\t\t\t\t\t<\/div>\n\t\t\t\t<\/div>\n\t\t\t\t\t<\/div>\n\t\t<\/div>\n\t\t\t\t\t<\/div>\n\t\t<\/section>\n\t\t\t\t<section class=\"elementor-section elementor-top-section elementor-element elementor-element-239da782 elementor-section-boxed elementor-section-height-default elementor-section-height-default\" data-id=\"239da782\" data-element_type=\"section\">\n\t\t\t\t\t\t<div class=\"elementor-container elementor-column-gap-default\">\n\t\t\t\t\t<div class=\"elementor-column elementor-col-100 elementor-top-column elementor-element elementor-element-79dbe515\" data-id=\"79dbe515\" data-element_type=\"column\">\n\t\t\t<div class=\"elementor-widget-wrap elementor-element-populated\">\n\t\t\t\t\t\t<div class=\"elementor-element elementor-element-722f0448 elementor-widget elementor-widget-text-editor\" data-id=\"722f0448\" data-element_type=\"widget\" data-widget_type=\"text-editor.default\">\n\t\t\t\t<div class=\"elementor-widget-container\">\n\t\t\t\t\t\t\t<!-- wp:shortcode -->\n\n<!-- \/wp:shortcode -->\t\t\t\t\t\t<\/div>\n\t\t\t\t<\/div>\n\t\t\t\t\t<\/div>\n\t\t<\/div>\n\t\t\t\t\t<\/div>\n\t\t<\/section>\n\t\t\t\t<\/div>","protected":false},"excerpt":{"rendered":"<p>A young filmmaker documents his fathers&#8217; journey down the Vistula river in Poland in a kayak as he contemplates mid-life and his relationship with his &hellip;<\/p>","protected":false},"author":2,"featured_media":645,"parent":0,"menu_order":0,"comment_status":"closed","ping_status":"closed","template":"","meta":{"footnotes":""},"_links":{"self":[{"href":"https:\/\/stakmedia.is\/is\/wp-json\/wp\/v2\/pages\/118"}],"collection":[{"href":"https:\/\/stakmedia.is\/is\/wp-json\/wp\/v2\/pages"}],"about":[{"href":"https:\/\/stakmedia.is\/is\/wp-json\/wp\/v2\/types\/page"}],"author":[{"embeddable":true,"href":"https:\/\/stakmedia.is\/is\/wp-json\/wp\/v2\/users\/2"}],"replies":[{"embeddable":true,"href":"https:\/\/stakmedia.is\/is\/wp-json\/wp\/v2\/comments?post=118"}],"version-history":[{"count":18,"href":"https:\/\/stakmedia.is\/is\/wp-json\/wp\/v2\/pages\/118\/revisions"}],"predecessor-version":[{"id":1116,"href":"https:\/\/stakmedia.is\/is\/wp-json\/wp\/v2\/pages\/118\/revisions\/1116"}],"wp:featuredmedia":[{"embeddable":true,"href":"https:\/\/stakmedia.is\/is\/wp-json\/wp\/v2\/media\/645"}],"wp:attachment":[{"href":"https:\/\/stakmedia.is\/is\/wp-json\/wp\/v2\/media?parent=118"}],"curies":[{"name":"wp","href":"https:\/\/api.w.org\/{rel}","templated":true}]}}