{"id":202,"date":"2021-02-16T14:17:37","date_gmt":"2021-02-16T14:17:37","guid":{"rendered":"https:\/\/stakmedia.is\/?page_id=202"},"modified":"2021-05-26T09:50:42","modified_gmt":"2021-05-26T09:50:42","slug":"projects-string","status":"publish","type":"page","link":"https:\/\/stakmedia.is\/is\/projects-string\/","title":{"rendered":"String"},"content":{"rendered":"<div data-elementor-type=\"wp-page\" data-elementor-id=\"202\" class=\"elementor elementor-202\">\n\t\t\t\t\t\t<section class=\"elementor-section elementor-top-section elementor-element elementor-element-e5acbd1 elementor-hidden-phone elementor-section-boxed elementor-section-height-default elementor-section-height-default\" data-id=\"e5acbd1\" data-element_type=\"section\">\n\t\t\t\t\t\t<div class=\"elementor-container elementor-column-gap-default\">\n\t\t\t\t\t<div class=\"elementor-column elementor-col-100 elementor-top-column elementor-element elementor-element-83d7d50\" data-id=\"83d7d50\" data-element_type=\"column\">\n\t\t\t<div class=\"elementor-widget-wrap elementor-element-populated\">\n\t\t\t\t\t\t<div class=\"elementor-element elementor-element-b16aad6 elementor-widget elementor-widget-text-editor\" data-id=\"b16aad6\" data-element_type=\"widget\" data-widget_type=\"text-editor.default\">\n\t\t\t\t<div class=\"elementor-widget-container\">\n\t\t\t\t\t\t\t<p>Par \u00ed bakpokafer\u00f0 uppg\u00f6tvar rau\u00f0an \u00fer\u00e1\u00f0 og \u00e1kve\u00f0ur a\u00f0 fylgja honum til a\u00f0 sj\u00e1 hvert hann lei\u00f0ir.<\/p>\n<p>Hlaut vi\u00f0urkenningu sem 'Honerable Mention for Best Drama Short' \u00e1 Independent Shorts Awards kvikmyndah\u00e1t\u00ed\u00f0inni \u00ed Los Angeles, Okt\u00f3ber 2018.<\/p>\t\t\t\t\t\t<\/div>\n\t\t\t\t<\/div>\n\t\t\t\t\t<\/div>\n\t\t<\/div>\n\t\t\t\t\t<\/div>\n\t\t<\/section>\n\t\t\t\t<section class=\"elementor-section elementor-top-section elementor-element elementor-element-de2de4a elementor-hidden-desktop elementor-hidden-tablet elementor-section-boxed elementor-section-height-default elementor-section-height-default\" data-id=\"de2de4a\" data-element_type=\"section\">\n\t\t\t\t\t\t<div class=\"elementor-container elementor-column-gap-default\">\n\t\t\t\t\t<div class=\"elementor-column elementor-col-100 elementor-top-column elementor-element elementor-element-6702d0e\" data-id=\"6702d0e\" data-element_type=\"column\">\n\t\t\t<div class=\"elementor-widget-wrap elementor-element-populated\">\n\t\t\t\t\t\t<div class=\"elementor-element elementor-element-ef48b8a elementor-widget elementor-widget-text-editor\" data-id=\"ef48b8a\" data-element_type=\"widget\" data-widget_type=\"text-editor.default\">\n\t\t\t\t<div class=\"elementor-widget-container\">\n\t\t\t\t\t\t\t<p>Par \u00ed bakpokafer\u00f0 uppg\u00f6tvar rau\u00f0an \u00fer\u00e1\u00f0 og \u00e1kve\u00f0ur a\u00f0 fylgja honum til a\u00f0 sj\u00e1 hvert hann lei\u00f0ir.<\/p>\n<p>Hlaut vi\u00f0urkenningu sem 'Honerable Mention for Best Drama Short' \u00e1 Independent Shorts Awards kvikmyndah\u00e1t\u00ed\u00f0inni \u00ed Los Angeles, Okt\u00f3ber 2018.<\/p>\t\t\t\t\t\t<\/div>\n\t\t\t\t<\/div>\n\t\t\t\t\t<\/div>\n\t\t<\/div>\n\t\t\t\t\t<\/div>\n\t\t<\/section>\n\t\t\t\t<section class=\"elementor-section elementor-top-section elementor-element elementor-element-716ecc69 elementor-section-boxed elementor-section-height-default elementor-section-height-default\" data-id=\"716ecc69\" data-element_type=\"section\">\n\t\t\t\t\t\t<div class=\"elementor-container elementor-column-gap-default\">\n\t\t\t\t\t<div class=\"elementor-column elementor-col-100 elementor-top-column elementor-element elementor-element-22eb0d65\" data-id=\"22eb0d65\" data-element_type=\"column\">\n\t\t\t<div class=\"elementor-widget-wrap elementor-element-populated\">\n\t\t\t\t\t\t<div class=\"elementor-element elementor-element-7ede1dbb elementor-widget elementor-widget-text-editor\" data-id=\"7ede1dbb\" data-element_type=\"widget\" data-widget_type=\"text-editor.default\">\n\t\t\t\t<div class=\"elementor-widget-container\">\n\t\t\t\t\t\t\t<!-- wp:shortcode -->\n\n<!-- \/wp:shortcode -->\t\t\t\t\t\t<\/div>\n\t\t\t\t<\/div>\n\t\t\t\t\t<\/div>\n\t\t<\/div>\n\t\t\t\t\t<\/div>\n\t\t<\/section>\n\t\t\t\t<\/div>","protected":false},"excerpt":{"rendered":"<p>A couple on a backpacking excursion stumble upon a red string and decide to follow it to see where it leads. Received &#8216;Honerable mention for &hellip;<\/p>","protected":false},"author":2,"featured_media":637,"parent":0,"menu_order":0,"comment_status":"closed","ping_status":"closed","template":"","meta":{"footnotes":""},"_links":{"self":[{"href":"https:\/\/stakmedia.is\/is\/wp-json\/wp\/v2\/pages\/202"}],"collection":[{"href":"https:\/\/stakmedia.is\/is\/wp-json\/wp\/v2\/pages"}],"about":[{"href":"https:\/\/stakmedia.is\/is\/wp-json\/wp\/v2\/types\/page"}],"author":[{"embeddable":true,"href":"https:\/\/stakmedia.is\/is\/wp-json\/wp\/v2\/users\/2"}],"replies":[{"embeddable":true,"href":"https:\/\/stakmedia.is\/is\/wp-json\/wp\/v2\/comments?post=202"}],"version-history":[{"count":37,"href":"https:\/\/stakmedia.is\/is\/wp-json\/wp\/v2\/pages\/202\/revisions"}],"predecessor-version":[{"id":1115,"href":"https:\/\/stakmedia.is\/is\/wp-json\/wp\/v2\/pages\/202\/revisions\/1115"}],"wp:featuredmedia":[{"embeddable":true,"href":"https:\/\/stakmedia.is\/is\/wp-json\/wp\/v2\/media\/637"}],"wp:attachment":[{"href":"https:\/\/stakmedia.is\/is\/wp-json\/wp\/v2\/media?parent=202"}],"curies":[{"name":"wp","href":"https:\/\/api.w.org\/{rel}","templated":true}]}}