{"id":26,"date":"2021-02-15T13:35:29","date_gmt":"2021-02-15T13:35:29","guid":{"rendered":"https:\/\/stakmedia.is\/?page_id=26"},"modified":"2021-05-26T09:33:04","modified_gmt":"2021-05-26T09:33:04","slug":"projects","status":"publish","type":"page","link":"https:\/\/stakmedia.is\/is\/projects\/","title":{"rendered":"Verkefni"},"content":{"rendered":"<div data-elementor-type=\"wp-page\" data-elementor-id=\"26\" class=\"elementor elementor-26\">\n\t\t\t\t\t\t<section class=\"elementor-section elementor-top-section elementor-element elementor-element-82ca052 elementor-section-full_width elementor-section-height-min-height elementor-section-height-default elementor-section-items-middle elementor-invisible\" data-id=\"82ca052\" data-element_type=\"section\" data-settings=\"{&quot;animation&quot;:&quot;fadeIn&quot;}\">\n\t\t\t\t\t\t<div class=\"elementor-container elementor-column-gap-default\">\n\t\t\t\t\t<div class=\"elementor-column elementor-col-100 elementor-top-column elementor-element elementor-element-a15aab3\" data-id=\"a15aab3\" data-element_type=\"column\">\n\t\t\t<div class=\"elementor-widget-wrap elementor-element-populated\">\n\t\t\t\t\t\t<div class=\"elementor-element elementor-element-ba30c4a elementor-invisible elementor-widget elementor-widget-image\" data-id=\"ba30c4a\" data-element_type=\"widget\" data-settings=\"{&quot;_animation&quot;:&quot;fadeIn&quot;}\" data-widget_type=\"image.default\">\n\t\t\t\t<div class=\"elementor-widget-container\">\n\t\t\t\t\t\t\t\t\t\t<figure class=\"wp-caption\">\n\t\t\t\t\t\t\t\t\t\t\t<a href=\"https:\/\/stakmedia.is\/is\/projects-reading-the-clouds\/\">\n\t\t\t\t\t\t\t<img fetchpriority=\"high\" decoding=\"async\" width=\"768\" height=\"326\" src=\"https:\/\/stakmedia.is\/wp-content\/uploads\/2021\/02\/Lesid-i-skyin-768x326.jpg\" class=\"attachment-medium_large size-medium_large wp-image-461\" alt=\"\" srcset=\"https:\/\/stakmedia.is\/wp-content\/uploads\/2021\/02\/Lesid-i-skyin-768x326.jpg 768w, https:\/\/stakmedia.is\/wp-content\/uploads\/2021\/02\/Lesid-i-skyin-300x128.jpg 300w, https:\/\/stakmedia.is\/wp-content\/uploads\/2021\/02\/Lesid-i-skyin-1024x435.jpg 1024w, https:\/\/stakmedia.is\/wp-content\/uploads\/2021\/02\/Lesid-i-skyin-1536x653.jpg 1536w, https:\/\/stakmedia.is\/wp-content\/uploads\/2021\/02\/Lesid-i-skyin-2048x870.jpg 2048w, https:\/\/stakmedia.is\/wp-content\/uploads\/2021\/02\/Lesid-i-skyin-706x300.jpg 706w\" sizes=\"(max-width: 768px) 100vw, 768px\" \/>\t\t\t\t\t\t\t\t<\/a>\n\t\t\t\t\t\t\t\t\t\t\t<figcaption class=\"widget-image-caption wp-caption-text\">Lesi\u00f0 \u00ed Sk\u00fdin<\/figcaption>\n\t\t\t\t\t\t\t\t\t\t<\/figure>\n\t\t\t\t\t\t\t<\/div>\n\t\t\t\t<\/div>\n\t\t\t\t\t<\/div>\n\t\t<\/div>\n\t\t\t\t<div class=\"elementor-column elementor-col-100 elementor-top-column elementor-element elementor-element-e083c48\" data-id=\"e083c48\" data-element_type=\"column\">\n\t\t\t<div class=\"elementor-widget-wrap elementor-element-populated\">\n\t\t\t\t\t\t<div class=\"elementor-element elementor-element-4865b07 elementor-invisible elementor-widget elementor-widget-image\" data-id=\"4865b07\" data-element_type=\"widget\" data-settings=\"{&quot;_animation&quot;:&quot;fadeIn&quot;}\" data-widget_type=\"image.default\">\n\t\t\t\t<div class=\"elementor-widget-container\">\n\t\t\t\t\t\t\t\t\t\t<figure class=\"wp-caption\">\n\t\t\t\t\t\t\t\t\t\t\t<a href=\"https:\/\/stakmedia.is\/is\/projects-string\/\">\n\t\t\t\t\t\t\t<img decoding=\"async\" width=\"768\" height=\"326\" src=\"https:\/\/stakmedia.is\/wp-content\/uploads\/2021\/03\/String-768x326.jpg\" class=\"attachment-medium_large size-medium_large wp-image-572\" alt=\"\" srcset=\"https:\/\/stakmedia.is\/wp-content\/uploads\/2021\/03\/String-768x326.jpg 768w, https:\/\/stakmedia.is\/wp-content\/uploads\/2021\/03\/String-300x128.jpg 300w, https:\/\/stakmedia.is\/wp-content\/uploads\/2021\/03\/String-1024x435.jpg 1024w, https:\/\/stakmedia.is\/wp-content\/uploads\/2021\/03\/String-1536x653.jpg 1536w, https:\/\/stakmedia.is\/wp-content\/uploads\/2021\/03\/String-706x300.jpg 706w, https:\/\/stakmedia.is\/wp-content\/uploads\/2021\/03\/String.jpg 1920w\" sizes=\"(max-width: 768px) 100vw, 768px\" \/>\t\t\t\t\t\t\t\t<\/a>\n\t\t\t\t\t\t\t\t\t\t\t<figcaption class=\"widget-image-caption wp-caption-text\">String<\/figcaption>\n\t\t\t\t\t\t\t\t\t\t<\/figure>\n\t\t\t\t\t\t\t<\/div>\n\t\t\t\t<\/div>\n\t\t\t\t\t<\/div>\n\t\t<\/div>\n\t\t\t\t<div class=\"elementor-column elementor-col-100 elementor-top-column elementor-element elementor-element-dfb2032\" data-id=\"dfb2032\" data-element_type=\"column\">\n\t\t\t<div class=\"elementor-widget-wrap elementor-element-populated\">\n\t\t\t\t\t\t<div class=\"elementor-element elementor-element-2c908af elementor-invisible elementor-widget elementor-widget-image\" data-id=\"2c908af\" data-element_type=\"widget\" data-settings=\"{&quot;_animation&quot;:&quot;fadeIn&quot;}\" data-widget_type=\"image.default\">\n\t\t\t\t<div class=\"elementor-widget-container\">\n\t\t\t\t\t\t\t\t\t\t<figure class=\"wp-caption\">\n\t\t\t\t\t\t\t\t\t\t\t<a href=\"https:\/\/stakmedia.is\/is\/projects-vistula\/\">\n\t\t\t\t\t\t\t<img decoding=\"async\" width=\"768\" height=\"326\" src=\"https:\/\/stakmedia.is\/wp-content\/uploads\/2021\/02\/Vistula-768x326.jpg\" class=\"attachment-medium_large size-medium_large wp-image-519\" alt=\"\" srcset=\"https:\/\/stakmedia.is\/wp-content\/uploads\/2021\/02\/Vistula-768x326.jpg 768w, https:\/\/stakmedia.is\/wp-content\/uploads\/2021\/02\/Vistula-300x128.jpg 300w, https:\/\/stakmedia.is\/wp-content\/uploads\/2021\/02\/Vistula-1024x435.jpg 1024w, https:\/\/stakmedia.is\/wp-content\/uploads\/2021\/02\/Vistula-1536x653.jpg 1536w, https:\/\/stakmedia.is\/wp-content\/uploads\/2021\/02\/Vistula-706x300.jpg 706w, https:\/\/stakmedia.is\/wp-content\/uploads\/2021\/02\/Vistula.jpg 1920w\" sizes=\"(max-width: 768px) 100vw, 768px\" \/>\t\t\t\t\t\t\t\t<\/a>\n\t\t\t\t\t\t\t\t\t\t\t<figcaption class=\"widget-image-caption wp-caption-text\">Vistula<\/figcaption>\n\t\t\t\t\t\t\t\t\t\t<\/figure>\n\t\t\t\t\t\t\t<\/div>\n\t\t\t\t<\/div>\n\t\t\t\t\t<\/div>\n\t\t<\/div>\n\t\t\t\t\t<\/div>\n\t\t<\/section>\n\t\t\t\t<section class=\"elementor-section elementor-top-section elementor-element elementor-element-7143382 elementor-section-boxed elementor-section-height-default elementor-section-height-default\" data-id=\"7143382\" data-element_type=\"section\">\n\t\t\t\t\t\t<div class=\"elementor-container elementor-column-gap-default\">\n\t\t\t\t\t\t<\/div>\n\t\t<\/section>\n\t\t\t\t<section class=\"elementor-section elementor-top-section elementor-element elementor-element-524ac91 elementor-section-boxed elementor-section-height-default elementor-section-height-default\" data-id=\"524ac91\" data-element_type=\"section\">\n\t\t\t\t\t\t<div class=\"elementor-container elementor-column-gap-default\">\n\t\t\t\t\t\t<\/div>\n\t\t<\/section>\n\t\t\t\t<\/div>","protected":false},"excerpt":{"rendered":"<p>Reading the Clouds String Vistula<\/p>","protected":false},"author":2,"featured_media":0,"parent":0,"menu_order":0,"comment_status":"closed","ping_status":"closed","template":"","meta":{"footnotes":""},"_links":{"self":[{"href":"https:\/\/stakmedia.is\/is\/wp-json\/wp\/v2\/pages\/26"}],"collection":[{"href":"https:\/\/stakmedia.is\/is\/wp-json\/wp\/v2\/pages"}],"about":[{"href":"https:\/\/stakmedia.is\/is\/wp-json\/wp\/v2\/types\/page"}],"author":[{"embeddable":true,"href":"https:\/\/stakmedia.is\/is\/wp-json\/wp\/v2\/users\/2"}],"replies":[{"embeddable":true,"href":"https:\/\/stakmedia.is\/is\/wp-json\/wp\/v2\/comments?post=26"}],"version-history":[{"count":41,"href":"https:\/\/stakmedia.is\/is\/wp-json\/wp\/v2\/pages\/26\/revisions"}],"predecessor-version":[{"id":1107,"href":"https:\/\/stakmedia.is\/is\/wp-json\/wp\/v2\/pages\/26\/revisions\/1107"}],"wp:attachment":[{"href":"https:\/\/stakmedia.is\/is\/wp-json\/wp\/v2\/media?parent=26"}],"curies":[{"name":"wp","href":"https:\/\/api.w.org\/{rel}","templated":true}]}}