{"id":28,"date":"2021-02-15T13:35:41","date_gmt":"2021-02-15T13:35:41","guid":{"rendered":"https:\/\/stakmedia.is\/?page_id=28"},"modified":"2022-09-07T12:59:26","modified_gmt":"2022-09-07T12:59:26","slug":"clients","status":"publish","type":"page","link":"https:\/\/stakmedia.is\/is\/clients\/","title":{"rendered":"Vi\u00f0skiptavinir"},"content":{"rendered":"<div data-elementor-type=\"wp-page\" data-elementor-id=\"28\" class=\"elementor elementor-28\">\n\t\t\t\t\t\t<section class=\"elementor-section elementor-top-section elementor-element elementor-element-527cedc elementor-section-boxed elementor-section-height-default elementor-section-height-default\" data-id=\"527cedc\" data-element_type=\"section\">\n\t\t\t\t\t\t<div class=\"elementor-container elementor-column-gap-default\">\n\t\t\t\t\t\t<\/div>\n\t\t<\/section>\n\t\t\t\t<section class=\"elementor-section elementor-top-section elementor-element elementor-element-605648e elementor-section-boxed elementor-section-height-default elementor-section-height-default\" data-id=\"605648e\" data-element_type=\"section\">\n\t\t\t\t\t\t<div class=\"elementor-container elementor-column-gap-default\">\n\t\t\t\t\t\t<\/div>\n\t\t<\/section>\n\t\t\t\t<section class=\"elementor-section elementor-top-section elementor-element elementor-element-c270209 elementor-section-boxed elementor-section-height-default elementor-section-height-default\" data-id=\"c270209\" data-element_type=\"section\">\n\t\t\t\t\t\t<div class=\"elementor-container elementor-column-gap-default\">\n\t\t\t\t\t\t<\/div>\n\t\t<\/section>\n\t\t\t\t<section class=\"elementor-section elementor-top-section elementor-element elementor-element-6dbb283 elementor-section-full_width elementor-section-height-default elementor-section-height-default\" data-id=\"6dbb283\" data-element_type=\"section\">\n\t\t\t\t\t\t<div class=\"elementor-container elementor-column-gap-default\">\n\t\t\t\t\t<div class=\"elementor-column elementor-col-33 elementor-top-column elementor-element elementor-element-060e698\" data-id=\"060e698\" data-element_type=\"column\">\n\t\t\t<div class=\"elementor-widget-wrap elementor-element-populated\">\n\t\t\t\t\t\t<div class=\"elementor-element elementor-element-7e111ee elementor-invisible elementor-widget elementor-widget-image\" data-id=\"7e111ee\" data-element_type=\"widget\" data-settings=\"{&quot;_animation&quot;:&quot;fadeIn&quot;}\" data-widget_type=\"image.default\">\n\t\t\t\t<div class=\"elementor-widget-container\">\n\t\t\t\t\t\t\t\t\t\t<figure class=\"wp-caption\">\n\t\t\t\t\t\t\t\t\t\t\t<a href=\"https:\/\/stakmedia.is\/is\/clients-city-of-reykjavik\/\">\n\t\t\t\t\t\t\t<img fetchpriority=\"high\" decoding=\"async\" width=\"768\" height=\"326\" src=\"https:\/\/stakmedia.is\/wp-content\/uploads\/2021\/02\/Reykjavikurborg-768x326.jpg\" class=\"attachment-medium_large size-medium_large wp-image-453\" alt=\"\" srcset=\"https:\/\/stakmedia.is\/wp-content\/uploads\/2021\/02\/Reykjavikurborg-768x326.jpg 768w, https:\/\/stakmedia.is\/wp-content\/uploads\/2021\/02\/Reykjavikurborg-300x128.jpg 300w, https:\/\/stakmedia.is\/wp-content\/uploads\/2021\/02\/Reykjavikurborg-1024x435.jpg 1024w, https:\/\/stakmedia.is\/wp-content\/uploads\/2021\/02\/Reykjavikurborg-1536x653.jpg 1536w, https:\/\/stakmedia.is\/wp-content\/uploads\/2021\/02\/Reykjavikurborg-706x300.jpg 706w, https:\/\/stakmedia.is\/wp-content\/uploads\/2021\/02\/Reykjavikurborg.jpg 1920w\" sizes=\"(max-width: 768px) 100vw, 768px\" \/>\t\t\t\t\t\t\t\t<\/a>\n\t\t\t\t\t\t\t\t\t\t\t<figcaption class=\"widget-image-caption wp-caption-text\">Reykjav\u00edkurborg<\/figcaption>\n\t\t\t\t\t\t\t\t\t\t<\/figure>\n\t\t\t\t\t\t\t<\/div>\n\t\t\t\t<\/div>\n\t\t\t\t\t<\/div>\n\t\t<\/div>\n\t\t\t\t<div class=\"elementor-column elementor-col-33 elementor-top-column elementor-element elementor-element-2c5d96c\" data-id=\"2c5d96c\" data-element_type=\"column\">\n\t\t\t<div class=\"elementor-widget-wrap elementor-element-populated\">\n\t\t\t\t\t\t<div class=\"elementor-element elementor-element-53d4f6c elementor-invisible elementor-widget elementor-widget-image\" data-id=\"53d4f6c\" data-element_type=\"widget\" data-settings=\"{&quot;_animation&quot;:&quot;fadeIn&quot;}\" data-widget_type=\"image.default\">\n\t\t\t\t<div class=\"elementor-widget-container\">\n\t\t\t\t\t\t\t\t\t\t<figure class=\"wp-caption\">\n\t\t\t\t\t\t\t\t\t\t\t<a href=\"https:\/\/stakmedia.is\/is\/clients-reykjavik-university\/\">\n\t\t\t\t\t\t\t<img decoding=\"async\" width=\"768\" height=\"326\" src=\"https:\/\/stakmedia.is\/wp-content\/uploads\/2021\/02\/RU-768x326.jpg\" class=\"attachment-medium_large size-medium_large wp-image-515\" alt=\"\" srcset=\"https:\/\/stakmedia.is\/wp-content\/uploads\/2021\/02\/RU-768x326.jpg 768w, https:\/\/stakmedia.is\/wp-content\/uploads\/2021\/02\/RU-300x127.jpg 300w, https:\/\/stakmedia.is\/wp-content\/uploads\/2021\/02\/RU-1024x435.jpg 1024w, https:\/\/stakmedia.is\/wp-content\/uploads\/2021\/02\/RU-706x300.jpg 706w, https:\/\/stakmedia.is\/wp-content\/uploads\/2021\/02\/RU.jpg 1205w\" sizes=\"(max-width: 768px) 100vw, 768px\" \/>\t\t\t\t\t\t\t\t<\/a>\n\t\t\t\t\t\t\t\t\t\t\t<figcaption class=\"widget-image-caption wp-caption-text\">H\u00e1sk\u00f3linn \u00ed Reykjav\u00edk<\/figcaption>\n\t\t\t\t\t\t\t\t\t\t<\/figure>\n\t\t\t\t\t\t\t<\/div>\n\t\t\t\t<\/div>\n\t\t\t\t\t<\/div>\n\t\t<\/div>\n\t\t\t\t<div class=\"elementor-column elementor-col-33 elementor-top-column elementor-element elementor-element-0985c08\" data-id=\"0985c08\" data-element_type=\"column\">\n\t\t\t<div class=\"elementor-widget-wrap elementor-element-populated\">\n\t\t\t\t\t\t<div class=\"elementor-element elementor-element-0e098a0 elementor-invisible elementor-widget elementor-widget-image\" data-id=\"0e098a0\" data-element_type=\"widget\" data-settings=\"{&quot;_animation&quot;:&quot;fadeIn&quot;}\" data-widget_type=\"image.default\">\n\t\t\t\t<div class=\"elementor-widget-container\">\n\t\t\t\t\t\t\t\t\t\t<figure class=\"wp-caption\">\n\t\t\t\t\t\t\t\t\t\t\t<a href=\"https:\/\/stakmedia.is\/is\/clients-university-of-york\/\">\n\t\t\t\t\t\t\t<img decoding=\"async\" width=\"768\" height=\"326\" src=\"https:\/\/stakmedia.is\/wp-content\/uploads\/2022\/09\/york-copy-768x326.png\" class=\"attachment-medium_large size-medium_large wp-image-1169\" alt=\"\" srcset=\"https:\/\/stakmedia.is\/wp-content\/uploads\/2022\/09\/york-copy-768x326.png 768w, https:\/\/stakmedia.is\/wp-content\/uploads\/2022\/09\/york-copy-300x128.png 300w, https:\/\/stakmedia.is\/wp-content\/uploads\/2022\/09\/york-copy-1024x435.png 1024w, https:\/\/stakmedia.is\/wp-content\/uploads\/2022\/09\/york-copy-1536x653.png 1536w, https:\/\/stakmedia.is\/wp-content\/uploads\/2022\/09\/york-copy-2048x870.png 2048w, https:\/\/stakmedia.is\/wp-content\/uploads\/2022\/09\/york-copy-18x8.png 18w, https:\/\/stakmedia.is\/wp-content\/uploads\/2022\/09\/york-copy-706x300.png 706w\" sizes=\"(max-width: 768px) 100vw, 768px\" \/>\t\t\t\t\t\t\t\t<\/a>\n\t\t\t\t\t\t\t\t\t\t\t<figcaption class=\"widget-image-caption wp-caption-text\">University of York<\/figcaption>\n\t\t\t\t\t\t\t\t\t\t<\/figure>\n\t\t\t\t\t\t\t<\/div>\n\t\t\t\t<\/div>\n\t\t\t\t\t<\/div>\n\t\t<\/div>\n\t\t\t\t\t<\/div>\n\t\t<\/section>\n\t\t\t\t<section class=\"elementor-section elementor-top-section elementor-element elementor-element-9f93b51 elementor-section-full_width elementor-section-height-default elementor-section-height-default\" data-id=\"9f93b51\" data-element_type=\"section\">\n\t\t\t\t\t\t<div class=\"elementor-container elementor-column-gap-default\">\n\t\t\t\t\t<div class=\"elementor-column elementor-col-33 elementor-top-column elementor-element elementor-element-021e32e\" data-id=\"021e32e\" data-element_type=\"column\">\n\t\t\t<div class=\"elementor-widget-wrap elementor-element-populated\">\n\t\t\t\t\t\t<div class=\"elementor-element elementor-element-12ad5f0 elementor-invisible elementor-widget elementor-widget-image\" data-id=\"12ad5f0\" data-element_type=\"widget\" data-settings=\"{&quot;_animation&quot;:&quot;fadeIn&quot;}\" data-widget_type=\"image.default\">\n\t\t\t\t<div class=\"elementor-widget-container\">\n\t\t\t\t\t\t\t\t\t\t<figure class=\"wp-caption\">\n\t\t\t\t\t\t\t\t\t\t\t<a href=\"https:\/\/stakmedia.is\/is\/clients-va-architects\/\">\n\t\t\t\t\t\t\t<img loading=\"lazy\" decoding=\"async\" width=\"768\" height=\"326\" src=\"https:\/\/stakmedia.is\/wp-content\/uploads\/2021\/02\/VA-768x326.jpg\" class=\"attachment-medium_large size-medium_large wp-image-502\" alt=\"\" srcset=\"https:\/\/stakmedia.is\/wp-content\/uploads\/2021\/02\/VA-768x326.jpg 768w, https:\/\/stakmedia.is\/wp-content\/uploads\/2021\/02\/VA-300x128.jpg 300w, https:\/\/stakmedia.is\/wp-content\/uploads\/2021\/02\/VA-1024x435.jpg 1024w, https:\/\/stakmedia.is\/wp-content\/uploads\/2021\/02\/VA-1536x653.jpg 1536w, https:\/\/stakmedia.is\/wp-content\/uploads\/2021\/02\/VA-706x300.jpg 706w, https:\/\/stakmedia.is\/wp-content\/uploads\/2021\/02\/VA.jpg 1920w\" sizes=\"(max-width: 768px) 100vw, 768px\" \/>\t\t\t\t\t\t\t\t<\/a>\n\t\t\t\t\t\t\t\t\t\t\t<figcaption class=\"widget-image-caption wp-caption-text\">VA Arkitektar<\/figcaption>\n\t\t\t\t\t\t\t\t\t\t<\/figure>\n\t\t\t\t\t\t\t<\/div>\n\t\t\t\t<\/div>\n\t\t\t\t\t<\/div>\n\t\t<\/div>\n\t\t\t\t<div class=\"elementor-column elementor-col-33 elementor-top-column elementor-element elementor-element-6c07aae\" data-id=\"6c07aae\" data-element_type=\"column\">\n\t\t\t<div class=\"elementor-widget-wrap elementor-element-populated\">\n\t\t\t\t\t\t<div class=\"elementor-element elementor-element-23fd5e7 elementor-invisible elementor-widget elementor-widget-image\" data-id=\"23fd5e7\" data-element_type=\"widget\" data-settings=\"{&quot;_animation&quot;:&quot;fadeIn&quot;}\" data-widget_type=\"image.default\">\n\t\t\t\t<div class=\"elementor-widget-container\">\n\t\t\t\t\t\t\t\t\t\t<figure class=\"wp-caption\">\n\t\t\t\t\t\t\t\t\t\t\t<a href=\"https:\/\/stakmedia.is\/is\/clients-vbc-iceland\/\">\n\t\t\t\t\t\t\t<img loading=\"lazy\" decoding=\"async\" width=\"768\" height=\"326\" src=\"https:\/\/stakmedia.is\/wp-content\/uploads\/2021\/02\/VBC-768x326.jpg\" class=\"attachment-medium_large size-medium_large wp-image-456\" alt=\"\" srcset=\"https:\/\/stakmedia.is\/wp-content\/uploads\/2021\/02\/VBC-768x326.jpg 768w, https:\/\/stakmedia.is\/wp-content\/uploads\/2021\/02\/VBC-300x128.jpg 300w, https:\/\/stakmedia.is\/wp-content\/uploads\/2021\/02\/VBC-1024x435.jpg 1024w, https:\/\/stakmedia.is\/wp-content\/uploads\/2021\/02\/VBC-1536x653.jpg 1536w, https:\/\/stakmedia.is\/wp-content\/uploads\/2021\/02\/VBC-706x300.jpg 706w, https:\/\/stakmedia.is\/wp-content\/uploads\/2021\/02\/VBC.jpg 1920w\" sizes=\"(max-width: 768px) 100vw, 768px\" \/>\t\t\t\t\t\t\t\t<\/a>\n\t\t\t\t\t\t\t\t\t\t\t<figcaption class=\"widget-image-caption wp-caption-text\">VBC \u00cdsland<\/figcaption>\n\t\t\t\t\t\t\t\t\t\t<\/figure>\n\t\t\t\t\t\t\t<\/div>\n\t\t\t\t<\/div>\n\t\t\t\t\t<\/div>\n\t\t<\/div>\n\t\t\t\t<div class=\"elementor-column elementor-col-33 elementor-top-column elementor-element elementor-element-2c0f0a4\" data-id=\"2c0f0a4\" data-element_type=\"column\">\n\t\t\t<div class=\"elementor-widget-wrap elementor-element-populated\">\n\t\t\t\t\t\t<div class=\"elementor-element elementor-element-1e408cc elementor-invisible elementor-widget elementor-widget-image\" data-id=\"1e408cc\" data-element_type=\"widget\" data-settings=\"{&quot;_animation&quot;:&quot;fadeIn&quot;}\" data-widget_type=\"image.default\">\n\t\t\t\t<div class=\"elementor-widget-container\">\n\t\t\t\t\t\t\t\t\t\t<figure class=\"wp-caption\">\n\t\t\t\t\t\t\t\t\t\t\t<a href=\"https:\/\/stakmedia.is\/is\/clients-telestack\/\">\n\t\t\t\t\t\t\t<img loading=\"lazy\" decoding=\"async\" width=\"768\" height=\"326\" src=\"https:\/\/stakmedia.is\/wp-content\/uploads\/2021\/02\/Telestack-768x326.jpg\" class=\"attachment-medium_large size-medium_large wp-image-457\" alt=\"\" srcset=\"https:\/\/stakmedia.is\/wp-content\/uploads\/2021\/02\/Telestack-768x326.jpg 768w, https:\/\/stakmedia.is\/wp-content\/uploads\/2021\/02\/Telestack-300x128.jpg 300w, https:\/\/stakmedia.is\/wp-content\/uploads\/2021\/02\/Telestack-1024x435.jpg 1024w, https:\/\/stakmedia.is\/wp-content\/uploads\/2021\/02\/Telestack-1536x653.jpg 1536w, https:\/\/stakmedia.is\/wp-content\/uploads\/2021\/02\/Telestack-706x300.jpg 706w, https:\/\/stakmedia.is\/wp-content\/uploads\/2021\/02\/Telestack.jpg 1920w\" sizes=\"(max-width: 768px) 100vw, 768px\" \/>\t\t\t\t\t\t\t\t<\/a>\n\t\t\t\t\t\t\t\t\t\t\t<figcaption class=\"widget-image-caption wp-caption-text\">Telestack<\/figcaption>\n\t\t\t\t\t\t\t\t\t\t<\/figure>\n\t\t\t\t\t\t\t<\/div>\n\t\t\t\t<\/div>\n\t\t\t\t\t<\/div>\n\t\t<\/div>\n\t\t\t\t\t<\/div>\n\t\t<\/section>\n\t\t\t\t<section class=\"elementor-section elementor-top-section elementor-element elementor-element-fd9112a elementor-section-boxed elementor-section-height-default elementor-section-height-default\" data-id=\"fd9112a\" data-element_type=\"section\">\n\t\t\t\t\t\t<div class=\"elementor-container elementor-column-gap-default\">\n\t\t\t\t\t\t<\/div>\n\t\t<\/section>\n\t\t\t\t<section class=\"elementor-section elementor-top-section elementor-element elementor-element-5cfbdde elementor-section-boxed elementor-section-height-default elementor-section-height-default\" data-id=\"5cfbdde\" data-element_type=\"section\">\n\t\t\t\t\t\t<div class=\"elementor-container elementor-column-gap-default\">\n\t\t\t\t\t\t<\/div>\n\t\t<\/section>\n\t\t\t\t<\/div>","protected":false},"excerpt":{"rendered":"<p>City of Reykjavik Reykjavik University University of York VA Architects VBC Iceland Telestack<\/p>","protected":false},"author":2,"featured_media":0,"parent":0,"menu_order":0,"comment_status":"closed","ping_status":"closed","template":"","meta":{"footnotes":""},"_links":{"self":[{"href":"https:\/\/stakmedia.is\/is\/wp-json\/wp\/v2\/pages\/28"}],"collection":[{"href":"https:\/\/stakmedia.is\/is\/wp-json\/wp\/v2\/pages"}],"about":[{"href":"https:\/\/stakmedia.is\/is\/wp-json\/wp\/v2\/types\/page"}],"author":[{"embeddable":true,"href":"https:\/\/stakmedia.is\/is\/wp-json\/wp\/v2\/users\/2"}],"replies":[{"embeddable":true,"href":"https:\/\/stakmedia.is\/is\/wp-json\/wp\/v2\/comments?post=28"}],"version-history":[{"count":92,"href":"https:\/\/stakmedia.is\/is\/wp-json\/wp\/v2\/pages\/28\/revisions"}],"predecessor-version":[{"id":1172,"href":"https:\/\/stakmedia.is\/is\/wp-json\/wp\/v2\/pages\/28\/revisions\/1172"}],"wp:attachment":[{"href":"https:\/\/stakmedia.is\/is\/wp-json\/wp\/v2\/media?parent=28"}],"curies":[{"name":"wp","href":"https:\/\/api.w.org\/{rel}","templated":true}]}}