{"id":422,"date":"2021-02-17T17:08:00","date_gmt":"2021-02-17T17:08:00","guid":{"rendered":"https:\/\/stakmedia.is\/?page_id=422"},"modified":"2021-05-26T09:44:49","modified_gmt":"2021-05-26T09:44:49","slug":"clients-reykjavik-university","status":"publish","type":"page","link":"https:\/\/stakmedia.is\/is\/clients-reykjavik-university\/","title":{"rendered":"H\u00e1sk\u00f3linn \u00ed Reykjav\u00edk"},"content":{"rendered":"","protected":false},"excerpt":{"rendered":"","protected":false},"author":2,"featured_media":1113,"parent":0,"menu_order":0,"comment_status":"closed","ping_status":"closed","template":"","meta":{"footnotes":""},"_links":{"self":[{"href":"https:\/\/stakmedia.is\/is\/wp-json\/wp\/v2\/pages\/422"}],"collection":[{"href":"https:\/\/stakmedia.is\/is\/wp-json\/wp\/v2\/pages"}],"about":[{"href":"https:\/\/stakmedia.is\/is\/wp-json\/wp\/v2\/types\/page"}],"author":[{"embeddable":true,"href":"https:\/\/stakmedia.is\/is\/wp-json\/wp\/v2\/users\/2"}],"replies":[{"embeddable":true,"href":"https:\/\/stakmedia.is\/is\/wp-json\/wp\/v2\/comments?post=422"}],"version-history":[{"count":3,"href":"https:\/\/stakmedia.is\/is\/wp-json\/wp\/v2\/pages\/422\/revisions"}],"predecessor-version":[{"id":781,"href":"https:\/\/stakmedia.is\/is\/wp-json\/wp\/v2\/pages\/422\/revisions\/781"}],"wp:featuredmedia":[{"embeddable":true,"href":"https:\/\/stakmedia.is\/is\/wp-json\/wp\/v2\/media\/1113"}],"wp:attachment":[{"href":"https:\/\/stakmedia.is\/is\/wp-json\/wp\/v2\/media?parent=422"}],"curies":[{"name":"wp","href":"https:\/\/api.w.org\/{rel}","templated":true}]}}